{"id":177,"date":"2024-05-08T14:20:59","date_gmt":"2024-05-08T18:20:59","guid":{"rendered":"https:\/\/genesis.swlauriersb.qc.ca\/our-school-about-us\/"},"modified":"2024-05-28T12:51:08","modified_gmt":"2024-05-28T16:51:08","slug":"a-propos","status":"publish","type":"page","link":"https:\/\/genesis.swlauriersb.qc.ca\/fr\/a-propos\/","title":{"rendered":"\u00c0 propos"},"content":{"rendered":"\n<ul>\n<li>Directrice:\u00a0Sonia Garofalo<\/li>\n\n\n\n<li>Secr\u00e9taire d\u2019\u00e9cole: Carmie Pistilli<\/li>\n\n\n\n<li>Secr\u00e9taire: Denyse Senechal<\/li>\n\n\n\n<li>Coordonnatrice du service de garde: Pina Nappi<\/li>\n\n\n\n<li>Biblioth\u00e9caire: Ilona Reisser<\/li>\n\n\n\n<li>Concierge: Maria Lopes<\/li>\n<\/ul>\n\n\n\n<p>L\u2019\u00e9cole primaire Genesis est une \u00e9cole bilingue comptant 229 \u00e9l\u00e8ves. Nous avons un cycle de 10 jours o\u00f9 nos \u00e9l\u00e8ves suivent des cours en anglais une journ\u00e9e sur deux et des sujets en fran\u00e7ais le lendemain. Nos mati\u00e8res anglaises comprennent les arts de la langue et les math\u00e9matiques \u00e0 tous les niveaux et les sciences de la 3e \u00e0 la 6e ann\u00e9e. Nos mati\u00e8res fran\u00e7aises comprennent le fran\u00e7ais, la g\u00e9ographie, l\u2019histoire et l\u2019\u00e9ducation \u00e0 la citoyennet\u00e9, les arts plastiques, les arts dramatiques et l\u2019\u00e9thique et culture religieuse \u00e0 tous les niveaux. L\u2019\u00e9ducation physique est \u00e9galement enseign\u00e9e en fran\u00e7ais. Nos niveaux pr\u00e9scolaire et maternelle sont tous deux en immersion fran\u00e7aise.\u00a0 Avec un programme acad\u00e9mique solide, nous offrons de nombreux types d\u2019activit\u00e9s parascolaires qui aident \u00e0 promouvoir le bien-\u00eatre mental et physique de nos \u00e9l\u00e8ves.<\/p>\n\n\n\n<h2 class=\"wp-block-heading\">Groupes de classes<\/h2>\n\n\n\n<ul>\n<li>2 groupes de maternelle 4 ans<\/li>\n\n\n\n<li>2 groupes de maternelle 5 ans<\/li>\n\n\n\n<li>1 classe de 1re ann\u00e9e<\/li>\n\n\n\n<li>2 classes de 2e ann\u00e9e<\/li>\n\n\n\n<li>2 classes de 3e ann\u00e9e<\/li>\n\n\n\n<li>1 classe de 4e ann\u00e9e<\/li>\n\n\n\n<li>1 classe de 5e ann\u00e9e<\/li>\n\n\n\n<li>1 classe multi-niveaux de 5e\/6e ann\u00e9e<\/li>\n\n\n\n<li>1 classe de 6e ann\u00e9e<\/li>\n<\/ul>\n\n\n\n<p>2450 rue Rosem\u00e8re, Laval, QC, H7E 2J8<\/p>\n\n\n\n<p>Tel. 450-680-3035<\/p>\n\n\n\n<p> Fax: 450-629-0458<\/p>\n\n\n\n<p>Directrice: Sonia Garofalo<\/p>\n","protected":false},"excerpt":{"rendered":"<p>L\u2019\u00e9cole primaire Genesis est une \u00e9cole bilingue comptant 229 \u00e9l\u00e8ves. Nous avons un cycle de 10 jours o\u00f9 nos \u00e9l\u00e8ves suivent des cours en anglais une journ\u00e9e sur deux et des sujets en fran\u00e7ais le lendemain. Nos mati\u00e8res anglaises comprennent les arts de la langue et les math\u00e9matiques \u00e0 tous les niveaux et les sciences&hellip;<\/p>\n","protected":false},"author":1,"featured_media":0,"parent":0,"menu_order":0,"comment_status":"closed","ping_status":"closed","template":"","meta":{"_acf_changed":false,"_relevanssi_hide_post":"","_relevanssi_hide_content":"","_relevanssi_pin_for_all":"","_relevanssi_pin_keywords":"","_relevanssi_unpin_keywords":"","_relevanssi_related_keywords":"","_relevanssi_related_include_ids":"","_relevanssi_related_exclude_ids":"","_relevanssi_related_no_append":"","_relevanssi_related_not_related":"","_relevanssi_related_posts":"","_relevanssi_noindex_reason":"","footnotes":""},"acf":[],"_links":{"self":[{"href":"https:\/\/genesis.swlauriersb.qc.ca\/fr\/wp-json\/wp\/v2\/pages\/177"}],"collection":[{"href":"https:\/\/genesis.swlauriersb.qc.ca\/fr\/wp-json\/wp\/v2\/pages"}],"about":[{"href":"https:\/\/genesis.swlauriersb.qc.ca\/fr\/wp-json\/wp\/v2\/types\/page"}],"author":[{"embeddable":true,"href":"https:\/\/genesis.swlauriersb.qc.ca\/fr\/wp-json\/wp\/v2\/users\/1"}],"replies":[{"embeddable":true,"href":"https:\/\/genesis.swlauriersb.qc.ca\/fr\/wp-json\/wp\/v2\/comments?post=177"}],"version-history":[{"count":7,"href":"https:\/\/genesis.swlauriersb.qc.ca\/fr\/wp-json\/wp\/v2\/pages\/177\/revisions"}],"predecessor-version":[{"id":347,"href":"https:\/\/genesis.swlauriersb.qc.ca\/fr\/wp-json\/wp\/v2\/pages\/177\/revisions\/347"}],"wp:attachment":[{"href":"https:\/\/genesis.swlauriersb.qc.ca\/fr\/wp-json\/wp\/v2\/media?parent=177"}],"curies":[{"name":"wp","href":"https:\/\/api.w.org\/{rel}","templated":true}]}}