{"id":167,"date":"2024-05-08T14:28:33","date_gmt":"2024-05-08T18:28:33","guid":{"rendered":"https:\/\/genesis.swlauriersb.qc.ca\/gb\/"},"modified":"2024-05-30T16:24:15","modified_gmt":"2024-05-30T20:24:15","slug":"conseil-detablissement","status":"publish","type":"page","link":"https:\/\/genesis.swlauriersb.qc.ca\/fr\/informations-pour-les-parents\/conseil-detablissement\/","title":{"rendered":"Conseil d\u2019\u00e9tablissement"},"content":{"rendered":"\n<h2 class=\"wp-block-heading\">Conseil d\u2019\u00e9tablissement 2021 &#8211; 2022<\/h2>\n\n\n\n<div class=\"block-accordions-group theme-block theme-block--innerblock aligndefault\">\n    <span class=\"theme-block__label\">Accord\u00e9ons<\/span>\n  \n    \n<div class=\"block-accordion  theme-block theme-block--innerblock aligndefault\">\n    <span class=\"theme-block__label\">Accord\u00e9on<\/span>\n    <h3 class=\"block-accordion__title\">Administrateurs et enseignants<\/h3>\n    \n\n<p>Garofalo, Sonia &#8211; directrice<\/p>\n\n\n<\/div>\n\n                    \n\n\n<div class=\"block-accordion  theme-block theme-block--innerblock aligndefault\">\n    <span class=\"theme-block__label\">Accord\u00e9on<\/span>\n    <h3 class=\"block-accordion__title\">Enseignantes et enseignants<\/h3>\n    \n\n<p>Cavaliere, Nadia<\/p>\n\n\n\n<p>David, Melissa<\/p>\n\n\n\n<p>Markessinis, Denise<\/p>\n\n\n\n<p>Nappi, Pina &#8211; Repr\u00e9sentant du service de garde<\/p>\n\n\n\n<p>Pistilli, Carmie &#8211; Repr\u00e9sentante du personnel de soutien\u00a0\u00a0<\/p>\n\n\n\n<p>Morrison, Helen &#8211; Repr\u00e9sentante communautaire<\/p>\n\n\n<\/div>\n\n                    \n\n\n<div class=\"block-accordion  theme-block theme-block--innerblock aligndefault\">\n    <span class=\"theme-block__label\">Accord\u00e9on<\/span>\n    <h3 class=\"block-accordion__title\">Repr\u00e9sentants des parents<\/h3>\n    \n\n<p>Aristeo, Lina\u00a0 \u2013 Repr\u00e9sentante des parents<\/p>\n\n\n\n<p>Andrusko, Theresa &#8211;\u00a0Pr\u00e9sidente, D\u00e9l\u00e9gu\u00e9e du parent suppl\u00e9ant<\/p>\n\n\n\n<p>Haidair, Ruba\u00a0 &#8211; Repr\u00e9sentante des parents<\/p>\n\n\n\n<p>Pendino, Santina &#8211; Repr\u00e9sentante des parents<\/p>\n\n\n\n<p>Santos, Marina &#8211; Repr\u00e9sentante des parents, d\u00e9l\u00e9gu\u00e9e des parents<\/p>\n\n\n\n<p>Tafuri, Lisa &#8211; Repr\u00e9sentante des parents<\/p>\n\n\n<\/div>\n\n                    \n\n\n<\/div>\n","protected":false},"excerpt":{"rendered":"<p>Conseil d\u2019\u00e9tablissement 2021 &#8211; 2022<\/p>\n","protected":false},"author":1,"featured_media":0,"parent":173,"menu_order":0,"comment_status":"closed","ping_status":"closed","template":"","meta":{"_acf_changed":false,"_relevanssi_hide_post":"","_relevanssi_hide_content":"","_relevanssi_pin_for_all":"","_relevanssi_pin_keywords":"","_relevanssi_unpin_keywords":"","_relevanssi_related_keywords":"","_relevanssi_related_include_ids":"","_relevanssi_related_exclude_ids":"","_relevanssi_related_no_append":"","_relevanssi_related_not_related":"","_relevanssi_related_posts":"","_relevanssi_noindex_reason":"","footnotes":""},"acf":[],"_links":{"self":[{"href":"https:\/\/genesis.swlauriersb.qc.ca\/fr\/wp-json\/wp\/v2\/pages\/167"}],"collection":[{"href":"https:\/\/genesis.swlauriersb.qc.ca\/fr\/wp-json\/wp\/v2\/pages"}],"about":[{"href":"https:\/\/genesis.swlauriersb.qc.ca\/fr\/wp-json\/wp\/v2\/types\/page"}],"author":[{"embeddable":true,"href":"https:\/\/genesis.swlauriersb.qc.ca\/fr\/wp-json\/wp\/v2\/users\/1"}],"replies":[{"embeddable":true,"href":"https:\/\/genesis.swlauriersb.qc.ca\/fr\/wp-json\/wp\/v2\/comments?post=167"}],"version-history":[{"count":6,"href":"https:\/\/genesis.swlauriersb.qc.ca\/fr\/wp-json\/wp\/v2\/pages\/167\/revisions"}],"predecessor-version":[{"id":363,"href":"https:\/\/genesis.swlauriersb.qc.ca\/fr\/wp-json\/wp\/v2\/pages\/167\/revisions\/363"}],"up":[{"embeddable":true,"href":"https:\/\/genesis.swlauriersb.qc.ca\/fr\/wp-json\/wp\/v2\/pages\/173"}],"wp:attachment":[{"href":"https:\/\/genesis.swlauriersb.qc.ca\/fr\/wp-json\/wp\/v2\/media?parent=167"}],"curies":[{"name":"wp","href":"https:\/\/api.w.org\/{rel}","templated":true}]}}